{"id":14346,"date":"2021-06-07T11:53:25","date_gmt":"2021-06-07T11:53:25","guid":{"rendered":"https:\/\/magenarquitectos.com\/?page_id=14346"},"modified":"2022-03-02T18:02:13","modified_gmt":"2022-03-02T18:02:13","slug":"accesibility","status":"publish","type":"page","link":"https:\/\/magenarquitectos.com\/en\/accesibility\/","title":{"rendered":"Accesibility"},"content":{"rendered":"\t\t<div data-elementor-type=\"wp-page\" data-elementor-id=\"14346\" class=\"elementor elementor-14346 elementor-1094\">\n\t\t\t\t\t\t<div class=\"elementor-inner\">\n\t\t\t\t<div class=\"elementor-section-wrap\">\n\t\t\t\t\t\t\t\t\t<section class=\"elementor-section elementor-top-section elementor-element elementor-element-a1b83e2 elementor-section-boxed elementor-section-height-default elementor-section-height-default\" data-id=\"a1b83e2\" data-element_type=\"section\" data-settings=\"{&quot;jet_parallax_layout_list&quot;:[{&quot;jet_parallax_layout_image&quot;:{&quot;url&quot;:&quot;&quot;,&quot;id&quot;:&quot;&quot;},&quot;_id&quot;:&quot;e138d6d&quot;,&quot;jet_parallax_layout_image_tablet&quot;:{&quot;url&quot;:&quot;&quot;,&quot;id&quot;:&quot;&quot;},&quot;jet_parallax_layout_image_mobile&quot;:{&quot;url&quot;:&quot;&quot;,&quot;id&quot;:&quot;&quot;},&quot;jet_parallax_layout_speed&quot;:{&quot;unit&quot;:&quot;%&quot;,&quot;size&quot;:50,&quot;sizes&quot;:[]},&quot;jet_parallax_layout_type&quot;:&quot;scroll&quot;,&quot;jet_parallax_layout_direction&quot;:null,&quot;jet_parallax_layout_fx_direction&quot;:null,&quot;jet_parallax_layout_z_index&quot;:&quot;&quot;,&quot;jet_parallax_layout_bg_x&quot;:50,&quot;jet_parallax_layout_bg_x_tablet&quot;:&quot;&quot;,&quot;jet_parallax_layout_bg_x_mobile&quot;:&quot;&quot;,&quot;jet_parallax_layout_bg_y&quot;:50,&quot;jet_parallax_layout_bg_y_tablet&quot;:&quot;&quot;,&quot;jet_parallax_layout_bg_y_mobile&quot;:&quot;&quot;,&quot;jet_parallax_layout_bg_size&quot;:&quot;auto&quot;,&quot;jet_parallax_layout_bg_size_tablet&quot;:&quot;&quot;,&quot;jet_parallax_layout_bg_size_mobile&quot;:&quot;&quot;,&quot;jet_parallax_layout_animation_prop&quot;:&quot;transform&quot;,&quot;jet_parallax_layout_on&quot;:[&quot;desktop&quot;,&quot;tablet&quot;]}]}\">\n\t\t\t\t\t\t<div class=\"elementor-container elementor-column-gap-default\">\n\t\t\t\t\t\t\t<div class=\"elementor-row\">\n\t\t\t\t\t<div class=\"elementor-column elementor-col-100 elementor-top-column elementor-element elementor-element-c061e1f\" data-id=\"c061e1f\" data-element_type=\"column\">\n\t\t\t<div class=\"elementor-column-wrap elementor-element-populated\">\n\t\t\t\t\t\t\t<div class=\"elementor-widget-wrap\">\n\t\t\t\t\t\t\t\t<\/div>\n\t\t\t\t\t<\/div>\n\t\t<\/div>\n\t\t\t\t\t\t\t\t<\/div>\n\t\t\t\t\t<\/div>\n\t\t<\/section>\n\t\t\t\t<section class=\"elementor-section elementor-top-section elementor-element elementor-element-ece958e elementor-section-boxed elementor-section-height-default elementor-section-height-default\" data-id=\"ece958e\" data-element_type=\"section\" data-settings=\"{&quot;jet_parallax_layout_list&quot;:[{&quot;jet_parallax_layout_image&quot;:{&quot;url&quot;:&quot;&quot;,&quot;id&quot;:&quot;&quot;},&quot;_id&quot;:&quot;e9e4b9a&quot;,&quot;jet_parallax_layout_image_tablet&quot;:{&quot;url&quot;:&quot;&quot;,&quot;id&quot;:&quot;&quot;},&quot;jet_parallax_layout_image_mobile&quot;:{&quot;url&quot;:&quot;&quot;,&quot;id&quot;:&quot;&quot;},&quot;jet_parallax_layout_speed&quot;:{&quot;unit&quot;:&quot;%&quot;,&quot;size&quot;:50,&quot;sizes&quot;:[]},&quot;jet_parallax_layout_type&quot;:&quot;scroll&quot;,&quot;jet_parallax_layout_direction&quot;:null,&quot;jet_parallax_layout_fx_direction&quot;:null,&quot;jet_parallax_layout_z_index&quot;:&quot;&quot;,&quot;jet_parallax_layout_bg_x&quot;:50,&quot;jet_parallax_layout_bg_x_tablet&quot;:&quot;&quot;,&quot;jet_parallax_layout_bg_x_mobile&quot;:&quot;&quot;,&quot;jet_parallax_layout_bg_y&quot;:50,&quot;jet_parallax_layout_bg_y_tablet&quot;:&quot;&quot;,&quot;jet_parallax_layout_bg_y_mobile&quot;:&quot;&quot;,&quot;jet_parallax_layout_bg_size&quot;:&quot;auto&quot;,&quot;jet_parallax_layout_bg_size_tablet&quot;:&quot;&quot;,&quot;jet_parallax_layout_bg_size_mobile&quot;:&quot;&quot;,&quot;jet_parallax_layout_animation_prop&quot;:&quot;transform&quot;,&quot;jet_parallax_layout_on&quot;:[&quot;desktop&quot;,&quot;tablet&quot;]}]}\">\n\t\t\t\t\t\t<div class=\"elementor-container elementor-column-gap-default\">\n\t\t\t\t\t\t\t<div class=\"elementor-row\">\n\t\t\t\t\t<div class=\"elementor-column elementor-col-100 elementor-top-column elementor-element elementor-element-91522aa\" data-id=\"91522aa\" data-element_type=\"column\">\n\t\t\t<div class=\"elementor-column-wrap elementor-element-populated\">\n\t\t\t\t\t\t\t<div class=\"elementor-widget-wrap\">\n\t\t\t\t\t\t<div class=\"elementor-element elementor-element-46963c7 elementor-widget elementor-widget-image\" data-id=\"46963c7\" data-element_type=\"widget\" data-widget_type=\"image.default\">\n\t\t\t\t<div class=\"elementor-widget-container\">\n\t\t\t\t\t\t\t\t<div class=\"elementor-image\">\n\t\t\t\t\t\t\t\t\t\t\t\t<img width=\"886\" height=\"150\" src=\"https:\/\/magenarquitectos.com\/wp-content\/uploads\/2021\/06\/accesibilidad1.jpeg\" class=\"attachment-full size-full\" alt=\"accesibilidad1\" loading=\"lazy\" srcset=\"https:\/\/magenarquitectos.com\/wp-content\/uploads\/2021\/06\/accesibilidad1.jpeg 886w, https:\/\/magenarquitectos.com\/wp-content\/uploads\/2021\/06\/accesibilidad1-300x51.jpeg 300w, https:\/\/magenarquitectos.com\/wp-content\/uploads\/2021\/06\/accesibilidad1-768x130.jpeg 768w\" sizes=\"(max-width: 886px) 100vw, 886px\" title=\"\">\t\t\t\t\t\t\t\t\t\t\t\t\t\t<\/div>\n\t\t\t\t\t\t<\/div>\n\t\t\t\t<\/div>\n\t\t\t\t<div class=\"elementor-element elementor-element-6eca2b7 elementor-widget elementor-widget-text-editor\" data-id=\"6eca2b7\" data-element_type=\"widget\" data-widget_type=\"text-editor.default\">\n\t\t\t\t<div class=\"elementor-widget-container\">\n\t\t\t\t\t\t\t\t<div class=\"elementor-text-editor elementor-clearfix\">\n\t\t\t\t<p>\u00abPromote the accessibility and the removal of architectural barriers is not only a necessity for the disabled but a benefit for all citizens\u00bb<\/p><p>In 2015 it is estimated that 50% of the world\u2019s population will live in cities, therefore should be equipped with the necessary resources to facilitate the participation of all its inhabitants. Also, with increasing life expectancy in today\u2019s society, the group of citizens who have limited mobility problems, temporarily or permanently, is more and more numerous. Therefore, actions to improve accessibility and remove barriers preventing or architectural, urban, transport and communication, provide an improved quality of life for all citizens and integration into the social fabric of collective for which these interventions are absolutely necessary in order to make a fully autonomous and independent life, or with minimal help from another person.<\/p><p>Magen Arquitectos has developed studies and projects, both residential and public use, incorporating accessibility as a fundamental principle. Often, a good design for older people and people with disabilities is good for anyone.<\/p><p><strong>Main Projects<\/strong><\/p><p>Tio Jorge Cultural Centre. Executive Project on Accesibility Improvement.<\/p><p>Rio Ebro Cultural Centre.\u00a0 \u00abFern\u00e1ndez Ord\u00f3\u00f1ez\u00bb Building. Executive Project on Accesibility Improvement.<\/p><p>Casco Viejo Youth Centre. Executive Project on Accesibility Improvement.<\/p><p>Oliver Social Centre. Executive Project on Accesibility Improvement.<\/p><p>Technical Report on Accesibility Improvement. Municipal Buildings. Municipality of Zaragoza.<\/p><p>68 Social Housing in\u00a0 Zaragoza.<\/p><p><strong>Awards on Accesibility<\/strong><\/p><p>IX Prize on Accesibility. Insitute of Architects of Aragon. First Prize Recent Buildings. 2006.<a href=\"http:\/\/magenarquitectos.wordpress.com\/2008\/08\/27\/premio-accesibilidad-2006-para-el-edificio-de-68-vpo-en-zaragoza\/\" rel=\"nofollow noopener\" target=\"_blank\"><br \/><\/a>VII Prize on Accesibility. Insitute of Architects of Aragon. First Prize Research Studies. 2004.<\/p>\t\t\t\t\t<\/div>\n\t\t\t\t\t\t<\/div>\n\t\t\t\t<\/div>\n\t\t\t\t\t\t<\/div>\n\t\t\t\t\t<\/div>\n\t\t<\/div>\n\t\t\t\t\t\t\t\t<\/div>\n\t\t\t\t\t<\/div>\n\t\t<\/section>\n\t\t\t\t\t\t\t\t\t<\/div>\n\t\t\t<\/div>\n\t\t\t\t\t<\/div>\n\t\t","protected":false},"excerpt":{"rendered":"<p>\u00abPromote the accessibility and the removal of architectural barriers is not only a necessity for the disabled but a benefit for all citizens\u00bb In 2015 it is estimated that 50% of the world\u2019s population will live in cities, therefore should be equipped with the necessary resources to facilitate the participation of all its inhabitants. Also, [&hellip;]<\/p>\n","protected":false},"author":1,"featured_media":0,"parent":0,"menu_order":0,"comment_status":"closed","ping_status":"closed","template":"","meta":{"_monsterinsights_skip_tracking":false,"_monsterinsights_sitenote_active":false,"_monsterinsights_sitenote_note":"","_monsterinsights_sitenote_category":0},"_links":{"self":[{"href":"https:\/\/magenarquitectos.com\/en\/wp-json\/wp\/v2\/pages\/14346"}],"collection":[{"href":"https:\/\/magenarquitectos.com\/en\/wp-json\/wp\/v2\/pages"}],"about":[{"href":"https:\/\/magenarquitectos.com\/en\/wp-json\/wp\/v2\/types\/page"}],"author":[{"embeddable":true,"href":"https:\/\/magenarquitectos.com\/en\/wp-json\/wp\/v2\/users\/1"}],"replies":[{"embeddable":true,"href":"https:\/\/magenarquitectos.com\/en\/wp-json\/wp\/v2\/comments?post=14346"}],"version-history":[{"count":7,"href":"https:\/\/magenarquitectos.com\/en\/wp-json\/wp\/v2\/pages\/14346\/revisions"}],"predecessor-version":[{"id":15085,"href":"https:\/\/magenarquitectos.com\/en\/wp-json\/wp\/v2\/pages\/14346\/revisions\/15085"}],"wp:attachment":[{"href":"https:\/\/magenarquitectos.com\/en\/wp-json\/wp\/v2\/media?parent=14346"}],"curies":[{"name":"wp","href":"https:\/\/api.w.org\/{rel}","templated":true}]}}