{"id":14356,"date":"2021-06-09T10:00:30","date_gmt":"2021-06-09T10:00:30","guid":{"rendered":"https:\/\/magenarquitectos.com\/?page_id=14356"},"modified":"2024-11-01T17:09:28","modified_gmt":"2024-11-01T17:09:28","slug":"lectures","status":"publish","type":"page","link":"https:\/\/magenarquitectos.com\/en\/lectures\/","title":{"rendered":"Lectures"},"content":{"rendered":"\t\t<div data-elementor-type=\"wp-page\" data-elementor-id=\"14356\" class=\"elementor elementor-14356 elementor-1324\">\n\t\t\t\t\t\t<div class=\"elementor-inner\">\n\t\t\t\t<div class=\"elementor-section-wrap\">\n\t\t\t\t\t\t\t\t\t<section class=\"elementor-section elementor-top-section elementor-element elementor-element-d0c51f5 elementor-section-boxed elementor-section-height-default elementor-section-height-default\" data-id=\"d0c51f5\" data-element_type=\"section\" data-settings=\"{&quot;jet_parallax_layout_list&quot;:[{&quot;jet_parallax_layout_image&quot;:{&quot;url&quot;:&quot;&quot;,&quot;id&quot;:&quot;&quot;},&quot;_id&quot;:&quot;e138d6d&quot;,&quot;jet_parallax_layout_image_tablet&quot;:{&quot;url&quot;:&quot;&quot;,&quot;id&quot;:&quot;&quot;},&quot;jet_parallax_layout_image_mobile&quot;:{&quot;url&quot;:&quot;&quot;,&quot;id&quot;:&quot;&quot;},&quot;jet_parallax_layout_speed&quot;:{&quot;unit&quot;:&quot;%&quot;,&quot;size&quot;:50,&quot;sizes&quot;:[]},&quot;jet_parallax_layout_type&quot;:&quot;scroll&quot;,&quot;jet_parallax_layout_direction&quot;:null,&quot;jet_parallax_layout_fx_direction&quot;:null,&quot;jet_parallax_layout_z_index&quot;:&quot;&quot;,&quot;jet_parallax_layout_bg_x&quot;:50,&quot;jet_parallax_layout_bg_x_tablet&quot;:&quot;&quot;,&quot;jet_parallax_layout_bg_x_mobile&quot;:&quot;&quot;,&quot;jet_parallax_layout_bg_y&quot;:50,&quot;jet_parallax_layout_bg_y_tablet&quot;:&quot;&quot;,&quot;jet_parallax_layout_bg_y_mobile&quot;:&quot;&quot;,&quot;jet_parallax_layout_bg_size&quot;:&quot;auto&quot;,&quot;jet_parallax_layout_bg_size_tablet&quot;:&quot;&quot;,&quot;jet_parallax_layout_bg_size_mobile&quot;:&quot;&quot;,&quot;jet_parallax_layout_animation_prop&quot;:&quot;transform&quot;,&quot;jet_parallax_layout_on&quot;:[&quot;desktop&quot;,&quot;tablet&quot;]}]}\">\n\t\t\t\t\t\t<div class=\"elementor-container elementor-column-gap-default\">\n\t\t\t\t\t\t\t<div class=\"elementor-row\">\n\t\t\t\t\t<div class=\"elementor-column elementor-col-100 elementor-top-column elementor-element elementor-element-0611da5\" data-id=\"0611da5\" data-element_type=\"column\">\n\t\t\t<div class=\"elementor-column-wrap elementor-element-populated\">\n\t\t\t\t\t\t\t<div class=\"elementor-widget-wrap\">\n\t\t\t\t\t\t\t\t<\/div>\n\t\t\t\t\t<\/div>\n\t\t<\/div>\n\t\t\t\t\t\t\t\t<\/div>\n\t\t\t\t\t<\/div>\n\t\t<\/section>\n\t\t\t\t<section class=\"elementor-section elementor-top-section elementor-element elementor-element-55bf2af elementor-section-boxed elementor-section-height-default elementor-section-height-default\" data-id=\"55bf2af\" data-element_type=\"section\" data-settings=\"{&quot;jet_parallax_layout_list&quot;:[{&quot;jet_parallax_layout_image&quot;:{&quot;url&quot;:&quot;&quot;,&quot;id&quot;:&quot;&quot;},&quot;_id&quot;:&quot;e9e4b9a&quot;,&quot;jet_parallax_layout_image_tablet&quot;:{&quot;url&quot;:&quot;&quot;,&quot;id&quot;:&quot;&quot;},&quot;jet_parallax_layout_image_mobile&quot;:{&quot;url&quot;:&quot;&quot;,&quot;id&quot;:&quot;&quot;},&quot;jet_parallax_layout_speed&quot;:{&quot;unit&quot;:&quot;%&quot;,&quot;size&quot;:50,&quot;sizes&quot;:[]},&quot;jet_parallax_layout_type&quot;:&quot;scroll&quot;,&quot;jet_parallax_layout_direction&quot;:null,&quot;jet_parallax_layout_fx_direction&quot;:null,&quot;jet_parallax_layout_z_index&quot;:&quot;&quot;,&quot;jet_parallax_layout_bg_x&quot;:50,&quot;jet_parallax_layout_bg_x_tablet&quot;:&quot;&quot;,&quot;jet_parallax_layout_bg_x_mobile&quot;:&quot;&quot;,&quot;jet_parallax_layout_bg_y&quot;:50,&quot;jet_parallax_layout_bg_y_tablet&quot;:&quot;&quot;,&quot;jet_parallax_layout_bg_y_mobile&quot;:&quot;&quot;,&quot;jet_parallax_layout_bg_size&quot;:&quot;auto&quot;,&quot;jet_parallax_layout_bg_size_tablet&quot;:&quot;&quot;,&quot;jet_parallax_layout_bg_size_mobile&quot;:&quot;&quot;,&quot;jet_parallax_layout_animation_prop&quot;:&quot;transform&quot;,&quot;jet_parallax_layout_on&quot;:[&quot;desktop&quot;,&quot;tablet&quot;]}]}\">\n\t\t\t\t\t\t<div class=\"elementor-container elementor-column-gap-default\">\n\t\t\t\t\t\t\t<div class=\"elementor-row\">\n\t\t\t\t\t<div class=\"elementor-column elementor-col-100 elementor-top-column elementor-element elementor-element-06fb85c\" data-id=\"06fb85c\" data-element_type=\"column\">\n\t\t\t<div class=\"elementor-column-wrap elementor-element-populated\">\n\t\t\t\t\t\t\t<div class=\"elementor-widget-wrap\">\n\t\t\t\t\t\t<div class=\"elementor-element elementor-element-5fb1e21 elementor-widget elementor-widget-image\" data-id=\"5fb1e21\" data-element_type=\"widget\" data-widget_type=\"image.default\">\n\t\t\t\t<div class=\"elementor-widget-container\">\n\t\t\t\t\t\t\t\t<div class=\"elementor-image\">\n\t\t\t\t\t\t\t\t\t\t\t\t<img width=\"866\" height=\"150\" src=\"https:\/\/magenarquitectos.com\/wp-content\/uploads\/2021\/06\/conferencias_blog.jpeg\" class=\"attachment-full size-full\" alt=\"conferencias blog\" loading=\"lazy\" srcset=\"https:\/\/magenarquitectos.com\/wp-content\/uploads\/2021\/06\/conferencias_blog.jpeg 866w, https:\/\/magenarquitectos.com\/wp-content\/uploads\/2021\/06\/conferencias_blog-300x52.jpeg 300w, https:\/\/magenarquitectos.com\/wp-content\/uploads\/2021\/06\/conferencias_blog-768x133.jpeg 768w\" sizes=\"(max-width: 866px) 100vw, 866px\" title=\"\">\t\t\t\t\t\t\t\t\t\t\t\t\t\t<\/div>\n\t\t\t\t\t\t<\/div>\n\t\t\t\t<\/div>\n\t\t\t\t<div class=\"elementor-element elementor-element-ebf1996 elementor-widget elementor-widget-text-editor\" data-id=\"ebf1996\" data-element_type=\"widget\" data-widget_type=\"text-editor.default\">\n\t\t\t\t<div class=\"elementor-widget-container\">\n\t\t\t\t\t\t\t\t<div class=\"elementor-text-editor elementor-clearfix\">\n\t\t\t\t<div class=\"entry\"><p><strong>&#8220;The architect as translator of the place&#8221; Days of Architecture and Desing Lara 50 anniversary. Zaragoza, 2023.<\/strong><\/p><div class=\"entry\"><p>Jaime Magen gave a lecture at the Days of Architecture and Design Arquitectura y Dise\u00f1o, organized by Lara in its 50 anniversary, about the relationship of Architecture and place, focused on 3 works: Ebro Environmental Centre, Theatre-Auditorium in Illueca and Philosophy Faculty of University of Zaragoza.<\/p><\/div><p><strong>Traces, pieces, strokes of Architecture &#8220;Theatre-Auditorium de Illueca&#8221; Euskadiko Arkitektura Instititua. San Sebastian, 2023.<\/strong><\/p><div class=\"entry\"><p>Critical debate about three episodes of Scalae events \u201cTraces, pieces, strokes of Architecture\u201d in Euskadiko Arkitektura Institutua in San Sebastian, Jaime Magen presented the Theatre-Auditorium in Illueca.<\/p><\/div><p><strong>&#8220;Magen Arquitectos: matter and context&#8221; ESARQ European University of\u00a0 Madrid. Madrid, 2022.<\/strong><\/p><div class=\"entry\"><p>Jaime Magen presented the latest projects by Magen Arquitectos in the lecture &#8220;Magen Arquitectos: matter and context&#8221; in the Schoolo of Architecture of European University of Madrid, as part of the cycle &#8220;Learned lessons&#8221; organized by Hispalyt.<\/p><\/div><p><strong>Lecture \u00abHealth Architecture\u00bb. Grupo Via. Madrid, 2022<\/strong><strong>.<\/strong><\/p><p>Francisco Javier Magen took part in the Lecture &#8220;Health Architecture&#8221;, organized by Grupo Via,\u00a0 as a forum about the new models of Hospitals and Nurseries.\u00a0\u00a0<\/p><p><strong>Webinar \u00abNew Architectura in schools\u00bb. Grupo Via. 2021.<\/strong><\/p><p>Jaime Magen takes part in the Webinar &#8220;New Architecture in schools&#8221;, organized by Grupo Via,\u00a0 as a platform to discuss the changes schools need to face in the present and future.\u00a0\u00a0<\/p><p><strong>International Conference \u00abEducational Architecture &#8211; Education, Heritage, Challenges\u00bb. Lisbon, Portugal 2019.<\/strong><\/p><p>Funda\u00e7ao para a Ciencia e a Tecnologia organizes the International Conference\u00a0 \u00abEducational Architecture- Education, Heritage, Challenges\u00bb, from 6th to 8th May in Gulbenkian Foundation, as a forum for discussing the most recent innovations, trends and concerns in this area, as well as the practical challenges encountered and the solutions adopted in the planning and design of new and existing child-centred educational environments.\u00a0 Francisco Javier Magen Pardo has been selected to present \u00abBuilding a place. Four Kindergartens in Zaragoza 2008-2018\u00bb.<\/p><p><strong>\u00abArchitecture &amp; Design Zaragoza\u00bb. Grupo Via. Zaragoza. 2019.<\/strong><\/p><p>Jaime Magen presented the latest projects finished by the office in the event &#8220;Architecture &amp; Design Zaragoza&#8221; organized by Grupo Via.<\/p><p><strong>&#8220;Interventions in urban limits&#8221; ESARQ UIC. Barcelona. 2018.<\/strong><\/p><div class=\"entry\"><p>Jaime Magen presented the latest projects by Magen Arquitectos in the lecture &#8220;Interventions in urban limits&#8221; given in the School of Architecture in UIC.<\/p><\/div><div class=\"entry\"><p><strong>&#8220;Geographies and built limits&#8221; ETSAB UIC. Barcelona. 2018.<\/strong><\/p><div class=\"entry\"><p>Jaime Magen presented the latest projects by Magen Arquitectos in the lecture &#8220;Geographies and built limits&#8221; given in the School of Architecture in UPC.<\/p><p><strong>II International Congress on Educational Innovation. Zaragoza, 2018.<\/strong><\/p><p>Jaime Magen organized the Workshop &#8220;Your own classroom. Transformations of educational spaces&#8221;<\/p><\/div><\/div><p><strong>III National Congress of Architecture \u00abPioneers of Spanish Modern Architecture\u00bb. Madrid, 2016.<\/strong><\/p><p>Alejandro de la Sota Foundation and Ministry of Fomento organize the III National Congress of Architecture \u201cPioneers of \u00a0 Spanish Modern Architecture: critical analysis of a work\u201d, dedicated to the study of significant works built by Spanish architects born around the 1910s and 1020s. The Congress will be held\u00a0 on 20th and 21st May 2016 in Madrid. Jaime Magen Pardo has been selected to lecture the paper \u201cParish church in Canfranc by Miguel Fisac. Memory and matter of the place\u201d.<\/p><p><strong>11th International Conference \u00abSustainability Dividends \u2013 Development Fault Lines\u00bb. Copenhague, Denmark. 2015.<\/strong><\/p><p>The On Sustainability Knowledge Community organizes the 11th International Conference on Sustainability in Copenhagen from 21st to 23rd January with the motto \u201cSustainability Dividends \u2013 Development Fault Lines\u201d to provide a forum to debate and rethink methods and approaches to reach sustainable development based in the four pillars of social, economic, cultural and environmental sustainability. This year plenary speakers are Jacob Hartman, Olaf Gerlach Hansen, Selina Juul, Elsebeth Gerner Nielsen and Amareswar Galla. Francisco Javier Magen Pardo has been selected to lecture the paper \u201cTowards a sustainability performance certificate for European cities\u201d.<\/p><\/div><div class=\"entry\"><p><strong>International Seminar \u00abPlanning for Sustainable Urban Form\u00bb. Blekinge Institute of Technology. Karlskrona, Sweden. 2015.<\/strong><\/p><p>The Swedish School of Planning organizes an International Seminar \u201cPlanning for Sustainable Urban Form\u201d to provide a forum to debate on sustainability with focus on planning and urban form. The Seminar will gather professors and architects\u00a0 from different countries (Germany, Netherlands, Norway,\u00a0 Singapore, Spain Switzerland\u00a0 and United Kingdom), representing a broad disciplinary filed, ranging from planning to architecture on November 12th to 14th, 2014 at Blekinge Institute of Technology (Karlskrona, Sweden). Francisco Javier Magen Pardo has been selected to lecture in the Session \u201cUrban form, agency and sustainable development\u201d.<\/p><\/div><p><strong>International Workshop \u00abTalent at work\u00bb by Pirelli. Milano, Italy. 2014.<\/strong><\/p><p>Pirelli organizes the Meeting \u201cTalent at Work\u201d, with nine internationally recognized emerging artists and designers, from Brazil, Italy, Denmark, China, Ireland, Bosnia and Spain, from the fields of Architecture, furniture design, fashion, cinema, gastronomy and music. Among the, Jaime Magen is the only selected architect.<\/p><p><strong>Lecture \u00abMiguel Fisac, centenary\u00bb. ETSA University of Zaragoza. Zaragoza. 2013.<\/strong><\/p><p>A lecture dedicated to the work by Miguel Fisac was held in the University of Zaragoza last 3rd because of his centenary, with interventions by Professors I\u00f1aki Bergera, Eduardo Delgado, Ricardo S\u00e1nchez Lampreave, Zaira Peinado y Jaime Mag\u00e9n, related to the most importants moments of the career of one the most outstanding Spanish architects in 20th Century.<\/p><p><strong>\u00abMaterial landscapes\u00bb. ETSA University of Navarra. Pamplona. 2013.<\/strong><\/p><p>Jaime and Francisco Javier Mag\u00e9n lectured at the School of Architecture of the University of Navarra in which they show their latest projects, some of them included in the book \u201cMag\u00e9n Arquitectos 2002-2012\u2033. The lecture closed the Master\u2019s Degree in Environmental Design and Management of Buildings, addressing the issue of sustainability through different projects. The lecture, titled \u201cMaterial Landscapes\u201d, was based on the idea of promoting the dialogue with the landscape and the implementation of mild strategies of sustainability, which is more than just energy efficiency.<\/p><p><strong>Cycle \u00abMasters of Architecture\u00bb. Katowice Institute of Architects. Katowice, Poland. 2013.<\/strong><\/p><p>Magen Arquitectos was invited to present their works and projects to the architects and students of architecture within\u00a0the cycle of lectures called Masters of Architecture, organized by the Association of Polish Architects (SARP) in Katowice.<\/p><p><strong>\u00abShared spaces\u00bb. ETSA University of\u00a0 Seville. Seville. 2013.<\/strong><\/p><p>Jaime Magen presented the latest works by Magen Arquitectos\u00a0 in the lecture \u201cShared spaces\u201d\u00a0 given in the School of Architecture of\u00a0 Seville. The conference is part of the \u201cNoon\u201d cycle, focused on contemporary culture.<\/p><p><strong>\u00abThree works and a project\u00bb. Huelva Institute of Architects. Huelva. 2013.<\/strong><\/p><p>Jaime Magen presented the latest works by Magen Arquitectos\u00a0 in the Huelva Institue of Architects next Wednesday, 29th May. The conference is part of the cycle \u201cthree works and a project\u201d.<\/p><p><strong>Meeting \u00abNoise and Education\u00bb. ETSA University of Zaragoza. Zaragoza. 2013.<\/strong><\/p><p>Jaime Magen Pardo participated in the Meeting Noise, Education, Engineering and Architecture with the lecture \u201cNoise in educational buildings: Architect`s vision\u201d. The Meeting is organized by the University of Zaragoza`s Vibroacustic Research Group and will be held 24th April, from 18:00 to 21:00 h, in Betancourt Building`s assembly hall of\u00a0 the Faculty of Engineering and Architecture (EINA) of the University of Zaragoza.<\/p><p><strong>Roundtable \u00abTowards Sustainability in Architecture. Oportunities and achallenges\u00bb. Basque-Navarre Institute of Architects. Bilbao. 2013.<\/strong><\/p><p>Jaime Magen, co-principal of Magen Arquitectos, participated in the Roundtable \u201cTowards Sustainability in Architecture. Oportunities and challenges\u201d, in Bizkaia seat of Basque-Navarre Institute of Architects.<\/p><p><strong>Congress \u00abEquiciudad 2012\u00bb . UPV University of Basque Country. San Sebastian. 2012.<\/strong><\/p><p>Congress \u201cEQUIciuDAD2012. Equity as guardian of the sustainable city\u201d was created to recognize the role taht equity plays in Sustainability, based in equity, ecology and economy. Jaime and Francisco J. Magen participated in the debate \u201cMaterials and energy\u201d with the lecture \u201cRoofscapes: new sustaible roof landscapes integrated in an urban and environmental surrounding\u201d<\/p><p><strong>\u00abBuilt work\u00bb. ETSA Alcala de Henares. Alcala de Henares. 2011.<\/strong><\/p><p>Magen Arquitectos presented their latest works in a conference given in ETSAG in Alcala de Henares. The conference is part of the \u201cAutumn Activities\u201d cycle organizaed by XI Spanish Biennial of Architecture and Urbanism.<\/p><p><strong>XI Spanish Biennial of Architecture and Urbanism. Archery Nuevos Ministerios. Madrid. 2011.<\/strong><\/p><p>Magen Arquitectos participated in the debate \u00abA critical approach, \u00bfyoung?\u00bb, organizaed by XI Spanish Biennial of Architecture and Urbanism.<\/p><p><strong>Workshop \u00abIdee per la rigenerazione urbana sostenibile\u00bb. PalaGeox. Padova, Italia. 2011.<\/strong><\/p><p>Magen Arquitectos participated in the International Workshop \u201cideas for an urban sustainable regeneration\u201d in Padova.<\/p><p><strong>V International BIennial of Architecture Barbara Cappochin. Cultural centre Sao Gaetano. Padova, Italy. 2011.<\/strong><\/p><p>Magen Arquitectos, as winners of the Giancarlo Ius Gold Medal, wereeen invited to\u00a0take part in the events of the Barbara Cappochin International Biennial Architecture. Ebro Environmental Centre was presented in Centre Culturale San Gaetano.<\/p><p><strong>International Congress\u00a0 Contractworld. Hannover Messe. Hannover, Germany. 2011<\/strong><\/p><p>Magen Arquitectos took part in the 11th International Architecture Award for Innovative Interior Design Concepts \u201cContractworld. award 2011\u2033\u201d in Hannover. Ebro Environmental Centre, finalist in \u201cNew Generation\/Offices\u201d awards, was presented.<\/p><p><strong>Roundtable\u00a0 \u00abETSAS-ETSAZ\u00bb. ETSA University San Jorge. Zaragoza. 2011.<\/strong><\/p><p>ETSAZ USJ organizes a lecture series about Mobility in Architecture and Architect`s Work with architects from Andalucia and Aragon in Zaragoza.<\/p><p><strong>Workshop \u00abIntegrare per construire\u00bb. SAIE. Bologna, Italy. 2010.<\/strong><\/p><p>Magen Arquitectos presented Ebro Environmental Centre in the Workshop \u201cIntegrating to build\u201d celebrated in SAIE 2010 in Bologna, as First Prize in Category Wood at SAIE Selection 2010.<\/p><p><strong>Forum \u00abArquia\/Proxima 2010\u00bb. ETSAM\u00a0 Politechnical University of\u00a0 Madrid. Madrid. 2010.<\/strong><\/p><p>Magen Arquitectos presented Ebro Environmental Centre in ETSAM Conference Hall, as finalist in II Biennal of Young Spanish Architects Arqu\u00eda\/Pr\u00f3xima.<\/p><p><strong>Campus Ultzama 2010. Foundation Arquitectura y Sociedad. Pamplona. 2010.<\/strong><\/p><p>Jaime Magen took part in Campus Ultzama 2010: + Posiciones pr\u00f3ximas, organized by Foundation Arquitectura y Sociedad and directed by Felix Arranz.<\/p><p><strong>Roundtable\u00a0 \u00abArquia\/Proxima 2008\u00bb. Zaragoza Institute of Architects. Zaragoza. 2009.<\/strong><\/p><p>Jaime Magen took part in the roundtable discussion Arqu\u00eda\/Pr\u00f3xima 2008 \u201cLet\u00b4s talk about principles\u2026\u201d at Colegio Oficial de Arquitectos de Arag\u00f3n.<\/p>\t\t\t\t\t<\/div>\n\t\t\t\t\t\t<\/div>\n\t\t\t\t<\/div>\n\t\t\t\t\t\t<\/div>\n\t\t\t\t\t<\/div>\n\t\t<\/div>\n\t\t\t\t\t\t\t\t<\/div>\n\t\t\t\t\t<\/div>\n\t\t<\/section>\n\t\t\t\t\t\t\t\t\t<\/div>\n\t\t\t<\/div>\n\t\t\t\t\t<\/div>\n\t\t","protected":false},"excerpt":{"rendered":"<p>&#8220;The architect as translator of the place&#8221; Days of Architecture and Desing Lara 50 anniversary. Zaragoza, 2023. Jaime Magen gave a lecture at the Days of Architecture and Design Arquitectura y Dise\u00f1o, organized by Lara in its 50 anniversary, about the relationship of Architecture and place, focused on 3 works: Ebro Environmental Centre, Theatre-Auditorium in [&hellip;]<\/p>\n","protected":false},"author":1,"featured_media":0,"parent":0,"menu_order":0,"comment_status":"closed","ping_status":"closed","template":"","meta":{"_monsterinsights_skip_tracking":false,"_monsterinsights_sitenote_active":false,"_monsterinsights_sitenote_note":"","_monsterinsights_sitenote_category":0},"_links":{"self":[{"href":"https:\/\/magenarquitectos.com\/en\/wp-json\/wp\/v2\/pages\/14356"}],"collection":[{"href":"https:\/\/magenarquitectos.com\/en\/wp-json\/wp\/v2\/pages"}],"about":[{"href":"https:\/\/magenarquitectos.com\/en\/wp-json\/wp\/v2\/types\/page"}],"author":[{"embeddable":true,"href":"https:\/\/magenarquitectos.com\/en\/wp-json\/wp\/v2\/users\/1"}],"replies":[{"embeddable":true,"href":"https:\/\/magenarquitectos.com\/en\/wp-json\/wp\/v2\/comments?post=14356"}],"version-history":[{"count":29,"href":"https:\/\/magenarquitectos.com\/en\/wp-json\/wp\/v2\/pages\/14356\/revisions"}],"predecessor-version":[{"id":18270,"href":"https:\/\/magenarquitectos.com\/en\/wp-json\/wp\/v2\/pages\/14356\/revisions\/18270"}],"wp:attachment":[{"href":"https:\/\/magenarquitectos.com\/en\/wp-json\/wp\/v2\/media?parent=14356"}],"curies":[{"name":"wp","href":"https:\/\/api.w.org\/{rel}","templated":true}]}}