{"id":14384,"date":"2021-06-07T09:02:02","date_gmt":"2021-06-07T09:02:02","guid":{"rendered":"https:\/\/magenarquitectos.com\/?page_id=14384"},"modified":"2024-08-19T07:41:43","modified_gmt":"2024-08-19T07:41:43","slug":"team","status":"publish","type":"page","link":"https:\/\/magenarquitectos.com\/en\/team\/","title":{"rendered":"Team"},"content":{"rendered":"\t\t<div data-elementor-type=\"wp-page\" data-elementor-id=\"14384\" class=\"elementor elementor-14384 elementor-1039\">\n\t\t\t\t\t\t<div class=\"elementor-inner\">\n\t\t\t\t<div class=\"elementor-section-wrap\">\n\t\t\t\t\t\t\t\t\t<section class=\"elementor-section elementor-top-section elementor-element elementor-element-f8ef663 elementor-section-boxed elementor-section-height-default elementor-section-height-default\" data-id=\"f8ef663\" data-element_type=\"section\" data-settings=\"{&quot;jet_parallax_layout_list&quot;:[{&quot;jet_parallax_layout_image&quot;:{&quot;url&quot;:&quot;&quot;,&quot;id&quot;:&quot;&quot;},&quot;_id&quot;:&quot;e138d6d&quot;,&quot;jet_parallax_layout_image_tablet&quot;:{&quot;url&quot;:&quot;&quot;,&quot;id&quot;:&quot;&quot;},&quot;jet_parallax_layout_image_mobile&quot;:{&quot;url&quot;:&quot;&quot;,&quot;id&quot;:&quot;&quot;},&quot;jet_parallax_layout_speed&quot;:{&quot;unit&quot;:&quot;%&quot;,&quot;size&quot;:50,&quot;sizes&quot;:[]},&quot;jet_parallax_layout_type&quot;:&quot;scroll&quot;,&quot;jet_parallax_layout_direction&quot;:null,&quot;jet_parallax_layout_fx_direction&quot;:null,&quot;jet_parallax_layout_z_index&quot;:&quot;&quot;,&quot;jet_parallax_layout_bg_x&quot;:50,&quot;jet_parallax_layout_bg_x_tablet&quot;:&quot;&quot;,&quot;jet_parallax_layout_bg_x_mobile&quot;:&quot;&quot;,&quot;jet_parallax_layout_bg_y&quot;:50,&quot;jet_parallax_layout_bg_y_tablet&quot;:&quot;&quot;,&quot;jet_parallax_layout_bg_y_mobile&quot;:&quot;&quot;,&quot;jet_parallax_layout_bg_size&quot;:&quot;auto&quot;,&quot;jet_parallax_layout_bg_size_tablet&quot;:&quot;&quot;,&quot;jet_parallax_layout_bg_size_mobile&quot;:&quot;&quot;,&quot;jet_parallax_layout_animation_prop&quot;:&quot;transform&quot;,&quot;jet_parallax_layout_on&quot;:[&quot;desktop&quot;,&quot;tablet&quot;]}]}\">\n\t\t\t\t\t\t<div class=\"elementor-container elementor-column-gap-default\">\n\t\t\t\t\t\t\t<div class=\"elementor-row\">\n\t\t\t\t\t<div class=\"elementor-column elementor-col-100 elementor-top-column elementor-element elementor-element-1cc67d5\" data-id=\"1cc67d5\" data-element_type=\"column\">\n\t\t\t<div class=\"elementor-column-wrap elementor-element-populated\">\n\t\t\t\t\t\t\t<div class=\"elementor-widget-wrap\">\n\t\t\t\t\t\t\t\t<\/div>\n\t\t\t\t\t<\/div>\n\t\t<\/div>\n\t\t\t\t\t\t\t\t<\/div>\n\t\t\t\t\t<\/div>\n\t\t<\/section>\n\t\t\t\t<section class=\"elementor-section elementor-top-section elementor-element elementor-element-1c74200 elementor-section-boxed elementor-section-height-default elementor-section-height-default\" data-id=\"1c74200\" data-element_type=\"section\" data-settings=\"{&quot;jet_parallax_layout_list&quot;:[]}\">\n\t\t\t\t\t\t<div class=\"elementor-container elementor-column-gap-default\">\n\t\t\t\t\t\t\t<div class=\"elementor-row\">\n\t\t\t\t\t<div class=\"elementor-column elementor-col-33 elementor-top-column elementor-element elementor-element-4a6e517\" data-id=\"4a6e517\" data-element_type=\"column\">\n\t\t\t<div class=\"elementor-column-wrap elementor-element-populated\">\n\t\t\t\t\t\t\t<div class=\"elementor-widget-wrap\">\n\t\t\t\t\t\t<div class=\"elementor-element elementor-element-e3c2d92 elementor-widget elementor-widget-image\" data-id=\"e3c2d92\" data-element_type=\"widget\" data-widget_type=\"image.default\">\n\t\t\t\t<div class=\"elementor-widget-container\">\n\t\t\t\t\t\t\t\t<div class=\"elementor-image\">\n\t\t\t\t\t\t\t\t\t\t\t\t<img width=\"800\" height=\"541\" src=\"https:\/\/magenarquitectos.com\/wp-content\/uploads\/2021\/06\/E02-1024x693-1.jpeg\" class=\"attachment-large size-large\" alt=\"\" loading=\"lazy\" srcset=\"https:\/\/magenarquitectos.com\/wp-content\/uploads\/2021\/06\/E02-1024x693-1.jpeg 1024w, https:\/\/magenarquitectos.com\/wp-content\/uploads\/2021\/06\/E02-1024x693-1-300x203.jpeg 300w, https:\/\/magenarquitectos.com\/wp-content\/uploads\/2021\/06\/E02-1024x693-1-768x520.jpeg 768w\" sizes=\"(max-width: 800px) 100vw, 800px\" title=\"\">\t\t\t\t\t\t\t\t\t\t\t\t\t\t<\/div>\n\t\t\t\t\t\t<\/div>\n\t\t\t\t<\/div>\n\t\t\t\t\t\t<\/div>\n\t\t\t\t\t<\/div>\n\t\t<\/div>\n\t\t\t\t<div class=\"elementor-column elementor-col-33 elementor-top-column elementor-element elementor-element-651191f\" data-id=\"651191f\" data-element_type=\"column\">\n\t\t\t<div class=\"elementor-column-wrap elementor-element-populated\">\n\t\t\t\t\t\t\t<div class=\"elementor-widget-wrap\">\n\t\t\t\t\t\t<div class=\"elementor-element elementor-element-76a4b87 elementor-widget elementor-widget-image\" data-id=\"76a4b87\" data-element_type=\"widget\" data-widget_type=\"image.default\">\n\t\t\t\t<div class=\"elementor-widget-container\">\n\t\t\t\t\t\t\t\t<div class=\"elementor-image\">\n\t\t\t\t\t\t\t\t\t\t\t\t<img width=\"800\" height=\"537\" src=\"https:\/\/magenarquitectos.com\/wp-content\/uploads\/2021\/06\/01-1-42ok-1024x687-1.jpeg\" class=\"attachment-large size-large\" alt=\"\" loading=\"lazy\" srcset=\"https:\/\/magenarquitectos.com\/wp-content\/uploads\/2021\/06\/01-1-42ok-1024x687-1.jpeg 1024w, https:\/\/magenarquitectos.com\/wp-content\/uploads\/2021\/06\/01-1-42ok-1024x687-1-300x201.jpeg 300w, https:\/\/magenarquitectos.com\/wp-content\/uploads\/2021\/06\/01-1-42ok-1024x687-1-768x515.jpeg 768w\" sizes=\"(max-width: 800px) 100vw, 800px\" title=\"\">\t\t\t\t\t\t\t\t\t\t\t\t\t\t<\/div>\n\t\t\t\t\t\t<\/div>\n\t\t\t\t<\/div>\n\t\t\t\t\t\t<\/div>\n\t\t\t\t\t<\/div>\n\t\t<\/div>\n\t\t\t\t<div class=\"elementor-column elementor-col-33 elementor-top-column elementor-element elementor-element-ef4bb11\" data-id=\"ef4bb11\" data-element_type=\"column\">\n\t\t\t<div class=\"elementor-column-wrap elementor-element-populated\">\n\t\t\t\t\t\t\t<div class=\"elementor-widget-wrap\">\n\t\t\t\t\t\t<div class=\"elementor-element elementor-element-a7d5f61 elementor-widget elementor-widget-image\" data-id=\"a7d5f61\" data-element_type=\"widget\" data-widget_type=\"image.default\">\n\t\t\t\t<div class=\"elementor-widget-container\">\n\t\t\t\t\t\t\t\t<div class=\"elementor-image\">\n\t\t\t\t\t\t\t\t\t\t\t\t<img width=\"800\" height=\"549\" src=\"https:\/\/magenarquitectos.com\/wp-content\/uploads\/2021\/06\/01-04bn-1024x703-1.jpeg\" class=\"attachment-large size-large\" alt=\"\" loading=\"lazy\" srcset=\"https:\/\/magenarquitectos.com\/wp-content\/uploads\/2021\/06\/01-04bn-1024x703-1.jpeg 1024w, https:\/\/magenarquitectos.com\/wp-content\/uploads\/2021\/06\/01-04bn-1024x703-1-300x206.jpeg 300w, https:\/\/magenarquitectos.com\/wp-content\/uploads\/2021\/06\/01-04bn-1024x703-1-768x527.jpeg 768w\" sizes=\"(max-width: 800px) 100vw, 800px\" title=\"\">\t\t\t\t\t\t\t\t\t\t\t\t\t\t<\/div>\n\t\t\t\t\t\t<\/div>\n\t\t\t\t<\/div>\n\t\t\t\t\t\t<\/div>\n\t\t\t\t\t<\/div>\n\t\t<\/div>\n\t\t\t\t\t\t\t\t<\/div>\n\t\t\t\t\t<\/div>\n\t\t<\/section>\n\t\t\t\t<section class=\"elementor-section elementor-top-section elementor-element elementor-element-7808cf2 elementor-section-boxed elementor-section-height-default elementor-section-height-default\" data-id=\"7808cf2\" data-element_type=\"section\" data-settings=\"{&quot;jet_parallax_layout_list&quot;:[{&quot;jet_parallax_layout_image&quot;:{&quot;url&quot;:&quot;&quot;,&quot;id&quot;:&quot;&quot;},&quot;_id&quot;:&quot;e9e4b9a&quot;,&quot;jet_parallax_layout_image_tablet&quot;:{&quot;url&quot;:&quot;&quot;,&quot;id&quot;:&quot;&quot;},&quot;jet_parallax_layout_image_mobile&quot;:{&quot;url&quot;:&quot;&quot;,&quot;id&quot;:&quot;&quot;},&quot;jet_parallax_layout_speed&quot;:{&quot;unit&quot;:&quot;%&quot;,&quot;size&quot;:50,&quot;sizes&quot;:[]},&quot;jet_parallax_layout_type&quot;:&quot;scroll&quot;,&quot;jet_parallax_layout_direction&quot;:null,&quot;jet_parallax_layout_fx_direction&quot;:null,&quot;jet_parallax_layout_z_index&quot;:&quot;&quot;,&quot;jet_parallax_layout_bg_x&quot;:50,&quot;jet_parallax_layout_bg_x_tablet&quot;:&quot;&quot;,&quot;jet_parallax_layout_bg_x_mobile&quot;:&quot;&quot;,&quot;jet_parallax_layout_bg_y&quot;:50,&quot;jet_parallax_layout_bg_y_tablet&quot;:&quot;&quot;,&quot;jet_parallax_layout_bg_y_mobile&quot;:&quot;&quot;,&quot;jet_parallax_layout_bg_size&quot;:&quot;auto&quot;,&quot;jet_parallax_layout_bg_size_tablet&quot;:&quot;&quot;,&quot;jet_parallax_layout_bg_size_mobile&quot;:&quot;&quot;,&quot;jet_parallax_layout_animation_prop&quot;:&quot;transform&quot;,&quot;jet_parallax_layout_on&quot;:[&quot;desktop&quot;,&quot;tablet&quot;]}]}\">\n\t\t\t\t\t\t<div class=\"elementor-container elementor-column-gap-default\">\n\t\t\t\t\t\t\t<div class=\"elementor-row\">\n\t\t\t\t\t<div class=\"elementor-column elementor-col-100 elementor-top-column elementor-element elementor-element-3a60b6a\" data-id=\"3a60b6a\" data-element_type=\"column\">\n\t\t\t<div class=\"elementor-column-wrap elementor-element-populated\">\n\t\t\t\t\t\t\t<div class=\"elementor-widget-wrap\">\n\t\t\t\t\t\t<div class=\"elementor-element elementor-element-3f49e1c elementor-widget elementor-widget-text-editor\" data-id=\"3f49e1c\" data-element_type=\"widget\" data-widget_type=\"text-editor.default\">\n\t\t\t\t<div class=\"elementor-widget-container\">\n\t\t\t\t\t\t\t\t<div class=\"elementor-text-editor elementor-clearfix\">\n\t\t\t\t<p><strong>Staff since 2002<\/strong><\/p><p>Marta Aguado<\/p><p>Elisa Arcas<\/p><p>Irene Arrieta<\/p><p>Mar\u00eda Eugenia Bah\u00f3n<\/p><p>Karim Benchida<\/p><p>F\u00e1tima Benkherfallah<\/p><p>Stefano Bertacco<\/p><p>Edith Beuhorry<\/p><p>Diego Botella<\/p><p>V\u00edctor Chueca<\/p><p>Constantino Diz<\/p><p>Miriam Esteban<\/p><p>Paul Egurrola<\/p><p>Lidia Fleta<\/p><p>Javier Garuz<\/p><p>Pilar Gim\u00e9nez<\/p><p>Fernando Kurtz<\/p><p>Mar\u00eda Is\u00e1bal<\/p><p>Daniel Lozano<\/p><p>Javier Mu\u00f1oz<\/p><p>Victoria Modrego<\/p><p>Guillermo \u00a0Monge<\/p><p>Beatriz Olona<\/p><p>Clara Ordov\u00e1s<\/p><p>Liberto Pardo<\/p><p>Ana Pellicena<\/p><p>Blanca Pitarch<\/p><p>Nicholas Schuler<\/p><p>Mar\u00eda Tejel<\/p><p>Maasa Watanabe<\/p><p>Sara Vicente<\/p><p>Alba Zamora<\/p>\t\t\t\t\t<\/div>\n\t\t\t\t\t\t<\/div>\n\t\t\t\t<\/div>\n\t\t\t\t\t\t<\/div>\n\t\t\t\t\t<\/div>\n\t\t<\/div>\n\t\t\t\t\t\t\t\t<\/div>\n\t\t\t\t\t<\/div>\n\t\t<\/section>\n\t\t\t\t\t\t\t\t\t<\/div>\n\t\t\t<\/div>\n\t\t\t\t\t<\/div>\n\t\t","protected":false},"excerpt":{"rendered":"<p>Staff since 2002 Marta Aguado Elisa Arcas Irene Arrieta Mar\u00eda Eugenia Bah\u00f3n Karim Benchida F\u00e1tima Benkherfallah Stefano Bertacco Edith Beuhorry Diego Botella V\u00edctor Chueca Constantino Diz Miriam Esteban Paul Egurrola Lidia Fleta Javier Garuz Pilar Gim\u00e9nez Fernando Kurtz Mar\u00eda Is\u00e1bal Daniel Lozano Javier Mu\u00f1oz Victoria Modrego Guillermo \u00a0Monge Beatriz Olona Clara Ordov\u00e1s Liberto Pardo Ana [&hellip;]<\/p>\n","protected":false},"author":1,"featured_media":0,"parent":0,"menu_order":0,"comment_status":"closed","ping_status":"closed","template":"","meta":{"_monsterinsights_skip_tracking":false,"_monsterinsights_sitenote_active":false,"_monsterinsights_sitenote_note":"","_monsterinsights_sitenote_category":0},"_links":{"self":[{"href":"https:\/\/magenarquitectos.com\/en\/wp-json\/wp\/v2\/pages\/14384"}],"collection":[{"href":"https:\/\/magenarquitectos.com\/en\/wp-json\/wp\/v2\/pages"}],"about":[{"href":"https:\/\/magenarquitectos.com\/en\/wp-json\/wp\/v2\/types\/page"}],"author":[{"embeddable":true,"href":"https:\/\/magenarquitectos.com\/en\/wp-json\/wp\/v2\/users\/1"}],"replies":[{"embeddable":true,"href":"https:\/\/magenarquitectos.com\/en\/wp-json\/wp\/v2\/comments?post=14384"}],"version-history":[{"count":19,"href":"https:\/\/magenarquitectos.com\/en\/wp-json\/wp\/v2\/pages\/14384\/revisions"}],"predecessor-version":[{"id":17885,"href":"https:\/\/magenarquitectos.com\/en\/wp-json\/wp\/v2\/pages\/14384\/revisions\/17885"}],"wp:attachment":[{"href":"https:\/\/magenarquitectos.com\/en\/wp-json\/wp\/v2\/media?parent=14384"}],"curies":[{"name":"wp","href":"https:\/\/api.w.org\/{rel}","templated":true}]}}