{"id":14415,"date":"2021-06-09T10:00:15","date_gmt":"2021-06-09T10:00:15","guid":{"rendered":"https:\/\/magenarquitectos.com\/?page_id=14415"},"modified":"2024-09-21T15:56:15","modified_gmt":"2024-09-21T15:56:15","slug":"books-magazines","status":"publish","type":"page","link":"https:\/\/magenarquitectos.com\/en\/books-magazines\/","title":{"rendered":"Books &#038; Magazines"},"content":{"rendered":"\t\t<div data-elementor-type=\"wp-page\" data-elementor-id=\"14415\" class=\"elementor elementor-14415 elementor-1323\">\n\t\t\t\t\t\t<div class=\"elementor-inner\">\n\t\t\t\t<div class=\"elementor-section-wrap\">\n\t\t\t\t\t\t\t\t\t<section class=\"elementor-section elementor-top-section elementor-element elementor-element-3257575 elementor-section-boxed elementor-section-height-default elementor-section-height-default\" data-id=\"3257575\" data-element_type=\"section\" data-settings=\"{&quot;jet_parallax_layout_list&quot;:[{&quot;jet_parallax_layout_image&quot;:{&quot;url&quot;:&quot;&quot;,&quot;id&quot;:&quot;&quot;},&quot;_id&quot;:&quot;e138d6d&quot;,&quot;jet_parallax_layout_image_tablet&quot;:{&quot;url&quot;:&quot;&quot;,&quot;id&quot;:&quot;&quot;},&quot;jet_parallax_layout_image_mobile&quot;:{&quot;url&quot;:&quot;&quot;,&quot;id&quot;:&quot;&quot;},&quot;jet_parallax_layout_speed&quot;:{&quot;unit&quot;:&quot;%&quot;,&quot;size&quot;:50,&quot;sizes&quot;:[]},&quot;jet_parallax_layout_type&quot;:&quot;scroll&quot;,&quot;jet_parallax_layout_direction&quot;:null,&quot;jet_parallax_layout_fx_direction&quot;:null,&quot;jet_parallax_layout_z_index&quot;:&quot;&quot;,&quot;jet_parallax_layout_bg_x&quot;:50,&quot;jet_parallax_layout_bg_x_tablet&quot;:&quot;&quot;,&quot;jet_parallax_layout_bg_x_mobile&quot;:&quot;&quot;,&quot;jet_parallax_layout_bg_y&quot;:50,&quot;jet_parallax_layout_bg_y_tablet&quot;:&quot;&quot;,&quot;jet_parallax_layout_bg_y_mobile&quot;:&quot;&quot;,&quot;jet_parallax_layout_bg_size&quot;:&quot;auto&quot;,&quot;jet_parallax_layout_bg_size_tablet&quot;:&quot;&quot;,&quot;jet_parallax_layout_bg_size_mobile&quot;:&quot;&quot;,&quot;jet_parallax_layout_animation_prop&quot;:&quot;transform&quot;,&quot;jet_parallax_layout_on&quot;:[&quot;desktop&quot;,&quot;tablet&quot;]}]}\">\n\t\t\t\t\t\t<div class=\"elementor-container elementor-column-gap-default\">\n\t\t\t\t\t\t\t<div class=\"elementor-row\">\n\t\t\t\t\t<div class=\"elementor-column elementor-col-100 elementor-top-column elementor-element elementor-element-358f81c\" data-id=\"358f81c\" data-element_type=\"column\">\n\t\t\t<div class=\"elementor-column-wrap elementor-element-populated\">\n\t\t\t\t\t\t\t<div class=\"elementor-widget-wrap\">\n\t\t\t\t\t\t\t\t<\/div>\n\t\t\t\t\t<\/div>\n\t\t<\/div>\n\t\t\t\t\t\t\t\t<\/div>\n\t\t\t\t\t<\/div>\n\t\t<\/section>\n\t\t\t\t<section class=\"elementor-section elementor-top-section elementor-element elementor-element-f439537 elementor-section-boxed elementor-section-height-default elementor-section-height-default\" data-id=\"f439537\" data-element_type=\"section\" data-settings=\"{&quot;jet_parallax_layout_list&quot;:[{&quot;jet_parallax_layout_image&quot;:{&quot;url&quot;:&quot;&quot;,&quot;id&quot;:&quot;&quot;},&quot;_id&quot;:&quot;e9e4b9a&quot;,&quot;jet_parallax_layout_image_tablet&quot;:{&quot;url&quot;:&quot;&quot;,&quot;id&quot;:&quot;&quot;},&quot;jet_parallax_layout_image_mobile&quot;:{&quot;url&quot;:&quot;&quot;,&quot;id&quot;:&quot;&quot;},&quot;jet_parallax_layout_speed&quot;:{&quot;unit&quot;:&quot;%&quot;,&quot;size&quot;:50,&quot;sizes&quot;:[]},&quot;jet_parallax_layout_type&quot;:&quot;scroll&quot;,&quot;jet_parallax_layout_direction&quot;:null,&quot;jet_parallax_layout_fx_direction&quot;:null,&quot;jet_parallax_layout_z_index&quot;:&quot;&quot;,&quot;jet_parallax_layout_bg_x&quot;:50,&quot;jet_parallax_layout_bg_x_tablet&quot;:&quot;&quot;,&quot;jet_parallax_layout_bg_x_mobile&quot;:&quot;&quot;,&quot;jet_parallax_layout_bg_y&quot;:50,&quot;jet_parallax_layout_bg_y_tablet&quot;:&quot;&quot;,&quot;jet_parallax_layout_bg_y_mobile&quot;:&quot;&quot;,&quot;jet_parallax_layout_bg_size&quot;:&quot;auto&quot;,&quot;jet_parallax_layout_bg_size_tablet&quot;:&quot;&quot;,&quot;jet_parallax_layout_bg_size_mobile&quot;:&quot;&quot;,&quot;jet_parallax_layout_animation_prop&quot;:&quot;transform&quot;,&quot;jet_parallax_layout_on&quot;:[&quot;desktop&quot;,&quot;tablet&quot;]}]}\">\n\t\t\t\t\t\t<div class=\"elementor-container elementor-column-gap-default\">\n\t\t\t\t\t\t\t<div class=\"elementor-row\">\n\t\t\t\t\t<div class=\"elementor-column elementor-col-100 elementor-top-column elementor-element elementor-element-1d87f9d\" data-id=\"1d87f9d\" data-element_type=\"column\">\n\t\t\t<div class=\"elementor-column-wrap elementor-element-populated\">\n\t\t\t\t\t\t\t<div class=\"elementor-widget-wrap\">\n\t\t\t\t\t\t<div class=\"elementor-element elementor-element-9a1cd0e elementor-widget elementor-widget-image\" data-id=\"9a1cd0e\" data-element_type=\"widget\" data-widget_type=\"image.default\">\n\t\t\t\t<div class=\"elementor-widget-container\">\n\t\t\t\t\t\t\t\t<div class=\"elementor-image\">\n\t\t\t\t\t\t\t\t\t\t\t\t<img width=\"866\" height=\"150\" src=\"https:\/\/magenarquitectos.com\/wp-content\/uploads\/2021\/06\/publicaciones_blog.jpeg\" class=\"attachment-full size-full\" alt=\"publicaciones blog\" loading=\"lazy\" srcset=\"https:\/\/magenarquitectos.com\/wp-content\/uploads\/2021\/06\/publicaciones_blog.jpeg 866w, https:\/\/magenarquitectos.com\/wp-content\/uploads\/2021\/06\/publicaciones_blog-300x52.jpeg 300w, https:\/\/magenarquitectos.com\/wp-content\/uploads\/2021\/06\/publicaciones_blog-768x133.jpeg 768w\" sizes=\"(max-width: 866px) 100vw, 866px\" title=\"\">\t\t\t\t\t\t\t\t\t\t\t\t\t\t<\/div>\n\t\t\t\t\t\t<\/div>\n\t\t\t\t<\/div>\n\t\t\t\t<div class=\"elementor-element elementor-element-7468f3e elementor-widget elementor-widget-text-editor\" data-id=\"7468f3e\" data-element_type=\"widget\" data-widget_type=\"text-editor.default\">\n\t\t\t\t<div class=\"elementor-widget-container\">\n\t\t\t\t\t\t\t\t<div class=\"elementor-text-editor elementor-clearfix\">\n\t\t\t\t<p><strong>Monographic books<\/strong><\/p><p>\u00abMagen Arquitectos: Arquitectura 2002-2012\u00bb, 2012.<\/p><p><strong>Books<\/strong><\/p><p>Bricks Yearbook 2023. DBZ.<\/p><p>BRICK22. Outstanding international Architecture. Park Books. 2022<\/p><p>XV Spanish Biennial of Architecture and Urbanism. 2021.<\/p><p>Djeci Vrtici i Skole u 21st. Oris. 2021<\/p><p>Abitare sociale. Modelli architettonici e urbanistici per l`housing. Alinea Editrice, 2017.<\/p><p>Book-Catalogue Common Housing. Collective housing in Aragon 2000-2020. Ed. COAA, 2017.<\/p><p>S\u00edntesis Arquitectura 53. Ed. M. Rua. 2017<\/p><p>Book-Catalogue Local Architecture. Retail spaces in Zaragoza 2003-2015. Ed. COAA, 2016.<\/p><p>V Programa Arquia\/Proxima: Futuro Imperfecto. Ed. Arquia, 2016.<\/p><p>Innovazione sostenibile per l\u00b4architettura. Materiali, tecnologie e prodotti. Maggioli Editore. 2015.<\/p><p>Tipologija Vecstanovanjskih Stavb \/ Collective Housing Typology. Ed. Inobs, 2015<\/p><p>Book-Catalogue VI Enor Awards, 2014.<\/p><p>Top One Architecture. Ed. Pace. 2013.<\/p><p>European Style. Ed. Shanglin. 2013<\/p><p>Art Wall. Ed. Ifengspace. 2013.<\/p><p>Materials in Architecture. Ed. Sandu Publishing. 2013.<\/p><p>European Style. Ed. Shanglin. 2013<\/p><p>New Concept. Urban Landscape. Ed. Phoenix. 2013<\/p><p>European Style. Ed. Shanglin. 2013.<\/p><p>Kindergarten Architecture II. Ed. Hi-design. 2013<\/p><p>Eden for boys&amp;girls. Design books publishing. 2012.<\/p><p>Colourful childhood. Ed. Ifengspace. 2012.<\/p><p>Learn for life. New architecture for new learning. Ed. Gestalten. 2012.<\/p><p>Colourful childhood. Ed. Ifengspace. 2012.<\/p><p>Liquid landscapes. Catalogue of European Biennial of Landscape Rosa Barba. 2012.<\/p><p>Architecture of low-energy consumption. Ed. Ifengspace. 2012.<\/p><p>Arquitectura sostenible. Innovaci\u00f3n y dise\u00f1o. Ed. Linksbooks, 2012.<\/p><p>Latest appartment buildings.\u00a0 Hi-Design building books. 2012.<\/p><p>Arch-Manual 4. Design-Concept-Script-Process. Aadcu. 2011<\/p><p>Superurbano. Sustainable urban regeneration. Fundaci\u00f3n Barbara Cappochin. 2011.<\/p><p>XI Bienal Espa\u00f1ola de Arquitectura y Urbanismo. 2011.<\/p><p>1000x European Architecture. Braun Publishing. 2011<\/p><p>Arch-Manual 4. Design-Concept-Script-Process. Aadcu. 2011<\/p><p>The Architecture Design of the Apartment in the world, Ed. Huazhong University Press, 2011<\/p><p>Cat\u00e1logo Arqu\u00eda\/Pr\u00f3xima. J\u00f3venes Arquitectos Espa\u00f1oles 08\/09, 2011<\/p><p>Guarder\u00edas. Manual b\u00e1sico y 37 proyectos. Ed. Linksbooks. 2011.<\/p><p>1000x European Architecture. Braun Publishing. 2011<\/p><p>Play! Sandu Publishing. 2011.<\/p><p>Kindergartens. Educational spaces. Braun Publishing. 2010.<\/p><p>Viviendas reformadas. Nuevos interiores para antiguos espacios. 2010<\/p><p>Zaragoza 1908-2008. Arquitectura y Urbanismo. 2010.<\/p><p>\u201c7\u00ba Premio Internacional de Arquitectura Sostenible Fassa Bortolo\u201d 2010.<\/p><p>Low cost, low energy, quality architecture. Una nuova stagione per l\u00b4housing. 2009.<\/p><p>SPAIN ARCHITECTS, HOUSING II, Ed. Manel Padura. 2007<\/p><p><strong>Magazines<\/strong><\/p><p>V\u00eda Construcci\u00f3n, n\u00ba 167, 2024.<\/p><p>Proarquitectura n\u00ba 187, 2024.<\/p><p>Cercha, n\u00ba 161, 2024.<\/p><p>AV Anuario\/ Spain Yearbook 2023. 2023.<\/p><p>Bauwelt n\u00ba 4\/2023. 2023.<\/p><p>Baunetz, n\u00ba 629. 2023<\/p><p>V\u00eda Construcci\u00f3n n\u00ba 163, 2023<\/p><p>Proarquitectura n\u00ba 181, 2023.<\/p><p>AV Anuario\/ Spain Yearbook 2022. 2022.<\/p><p>Detail n\u00ba 9\/2022. 2022.<\/p><p>On Dise\u00f1o n\u00ba 407, 2022.<\/p><p>Dise\u00f1o interior n\u00ba 346, 2022.<\/p><p>DPA Arquitectura n\u00ba 36, 2022.<\/p><p>V\u00eda Construcci\u00f3n n\u00ba 158, 2022.<\/p><p>AV Anuario\/ Spain Yearbook 2021. 2021.<\/p><p>Arquitectura viva n\u00ba 232, 2021.<\/p><p>Conarquitectura n\u00ba78, 2021.<\/p><p>V\u00eda Construcci\u00f3n n\u00ba 153, 2021.<\/p><p>CIC n\u00ba571, 2021.<\/p><p>Bauwelt n\u00ba 1-2. 2020<\/p><p>On Dise\u00f1o n\u00ba 394, 2020.<\/p><p>Promateriales n\u00ba 142, 2020.<\/p><p>AV Anuario\/ Spain Yearbook 2019. 2019.<\/p><p>Umran Magazine n\u00ba 65\/2018.<\/p><p>AIT, n\u00ba 7-8\/2018.<\/p><p>WA Wettbewerbe aktuell, n\u00ba 02\/2018.<\/p><p>Casas Internacional, n\u00ba 169, 2018.<\/p><p>ON Dise\u00f1o, n\u00ba 370, 2017.<\/p><p>Future Arquitecturas, n\u00ba 53-54, 2017.<\/p><p>Architectural Record, n\u00ba 12\/2016, 2016.<\/p><p>ON Dise\u00f1o, n\u00ba 364, 2016.<\/p><p>AV Anuario\/ Spain Yearbook 2016. 2016.<\/p><p>Rassegna di Archittetura e di Urbanistica. Universidad de la Sapienza de Roma. 2016<\/p><p>Copper Architecture Forum, n\u00ba39, 2016.<\/p><p>Via Construccion, n\u00ba 129, 2016.<\/p><p>Dise\u00f1o Interior, n\u00ba 282, 2016.<\/p><p>AV Anuario\/ Spain Yearbook 2015. 2015.<\/p><p>Speech, n\u00ba 14, 2015.<\/p><p>IW Magazine, Annual`15. 2015.<\/p><p>Via Construcci\u00f3n, n\u00ba 125, 2015.<\/p><p>Proyecto Contract n\u00ba 108, 2015.<\/p><p>IW Magazine, n\u00ba 103, 2014.<\/p><p>A10, n\u00ba 58, 2014.<\/p><p>Modulor n\u00ba 08\/14, 2014.<\/p><p>Baunetz n\u00ba 375, 2014.<\/p><p>Archstone. Architettura in pietra del nuovo millenio. 2014.<\/p><p>Maru, n\u00ba 139, 2013.<\/p><p>Construire in Laterizio, n\u00ba 153, 2013.<\/p><p>D+A Chile, n\u00ba 32, 2013.<\/p><p>Casabella, n\u00ba 810, 2012.<\/p><p>Architektura&amp;Biznes, n\u00ba10\/2012, 2012<\/p><p>Architecture+Detail, n\u00ba 2\/2012.<\/p><p>Architecktur, n\u00ba 01\/2012.<\/p><p>IW Magazine, n\u00ba 84, 2012.<\/p><p>A+A Magazine, n\u00ba 2\/2012.<\/p><p>IW Magazine, n\u00ba 84, 2012.<\/p><p>E-travellers, n\u00ba 09, 2012.<\/p><p>Conarquitectura, n\u00ba 42. 2012.<\/p><p>V\u00eda Construcci\u00f3n n\u00ba 105, 2012.<\/p><p>T-18 Magazine, n\u00ba 4, 2012.<\/p><p>Aitim, n\u00ba 277, 2012.<\/p><p>C3 Korea, n\u00ba 321, 2011.<\/p><p>Detail German Edition, n\u00ba 7-8\/2011, 2011<\/p><p>Detail English Edition, n\u00ba 5\/2011, 2011.<\/p><p>Igloo, n\u00ba 112, 2011.<\/p><p>Rum n\u00ba 04\/2011, 2011.<\/p><p>UED Magazine, n\u00ba 50. 2011<\/p><p>Designer&amp;Designing magazine, n\u00ba8\/2011.<\/p><p>Landscape design. N\u00ba 7\/2011. 2011<\/p><p>Camacol Urbana, n\u00ba 51, 2011.<\/p><p>Architecture+Design India, n\u00ba 8\/2011<\/p><p>UED Magazine, n\u00ba 50. 2011<\/p><p>Landscape design, n\u00ba 7\/2011. 2011.<\/p><p>Interior Architecture of China, n\u00ba 4\/2011. 2011.<\/p><p>International New Architure, n\u00ba 6\/2011.<\/p><p>A+A Magazine, n\u00ba 9\/2011, 2011.<\/p><p>Architecture&amp;Culture n\u00ba 362, 2011.<\/p><p>TC Cuadernos- Temas de Arquitectura. n\u00ba 13. 2011<\/p><p>Detail Espa\u00f1a, n\u00ba 6\/2011, 2011.<\/p><p>V\u00eda Construcci\u00f3n, n\u00ba 95, 2011.<\/p><p>SpainContract n\u00ba 14, 2011.<\/p><p>V\u00eda Construcci\u00f3n n\u00ba 92, 2011..<\/p><p>C3 Korea, n\u00ba 312, 2010.<\/p><p>A10, n\u00ba 33, 2010.<\/p><p>Mark Magazine n\u00ba 29, 2010.<\/p><p>Mark Magazine, n\u00ba 27, 2010.<\/p><p>Architektura &amp; Biznes, n\u00ba 9(218), 2010.<\/p><p>Architecture+Design, n\u00ba 11\/2010, 2010<\/p><p>Architecture &amp; Culture, n\u00ba 350, 2010<\/p><p>Details, n\u00ba 22, 2010<\/p><p>A+A magazine, n\u00ba 8\/2010, 2010.<\/p><p>Architecture+Detail, n\u00ba 6\/2010, 2010.<\/p><p>Topos n\u00ba 71, 2010<\/p><p>Monocle, n\u00ba 37, 2010<\/p><p>Abitare Bulgaria, n\u00ba 311, 2010<\/p><p>Rum 08\/10, 2010.<\/p><p>A+A magazine, n\u00ba 7\/2010, 2010.<\/p><p>Interior Design, n\u00ba 7\/2010, 2010<\/p><p>Igloo magazine, n\u00ba 103-104, 2010<\/p><p>Bob magazine, n\u00ba 72, 2010.<\/p><p>Architecture + Design India. Mayo 2010.<\/p><p>Plan Magazine, marzo 2010.<\/p><p>Monocle, n\u00ba 31, 2010<\/p><p>Arquitectura viva, n\u00ba 130, 2010.<\/p><p>V\u00eda Construcci\u00f3n n\u00ba 84, 2010.<\/p><p>Detail, marzo 2010.<\/p><p>V\u00eda Construcci\u00f3n, n\u00ba 80, 2010<\/p><p>Arquitectura y Dise\u00f1o, n\u00ba 114, 2010.<\/p><p>NAN Construcci\u00f3n n\u00ba 55, 2010.<\/p><p>Hogar y Decoraci\u00f3n, n\u00ba1-2009, 2009<\/p><p>VPOR2, n\u00ba 5, 2009<\/p><p>Promateriales 24.Vivienda colectiva en Espa\u00f1a, 2009.<\/p><p>Arquitectura Viva n\u00ba 114, 2008<\/p><p>Cat\u00e1logo Arqu\u00eda\/Pr\u00f3xima. J\u00f3venes Arquitectos Espa\u00f1oles 06\/07, 2008<\/p><p>BAUWELT CHINA, n\u00ba 1, 2007<\/p><p>BAUWELT, n\u00ba 1-2\/2007<\/p><p>V\u00eda Construcci\u00f3n, n\u00ba 45, junio 2007<\/p><p>A+. Edificios de vivienda colectiva de promoci\u00f3n p\u00fablica, 2007<\/p><p>Arquitectura COAM, n\u00ba 346, 2006<\/p><p>Conarquitectura, n\u00ba 20, 2006<\/p><p>Nuevo Estilo n\u00ba 338, 2006<\/p><p>Arquitectura y Dise\u00f1o n\u00ba 58, 2005<\/p><p>Z-Arquitectura, n\u00ba 4, 2005.<\/p>\t\t\t\t\t<\/div>\n\t\t\t\t\t\t<\/div>\n\t\t\t\t<\/div>\n\t\t\t\t\t\t<\/div>\n\t\t\t\t\t<\/div>\n\t\t<\/div>\n\t\t\t\t\t\t\t\t<\/div>\n\t\t\t\t\t<\/div>\n\t\t<\/section>\n\t\t\t\t\t\t\t\t\t<\/div>\n\t\t\t<\/div>\n\t\t\t\t\t<\/div>\n\t\t","protected":false},"excerpt":{"rendered":"<p>Monographic books \u00abMagen Arquitectos: Arquitectura 2002-2012\u00bb, 2012. Books Bricks Yearbook 2023. DBZ. BRICK22. Outstanding international Architecture. Park Books. 2022 XV Spanish Biennial of Architecture and Urbanism. 2021. Djeci Vrtici i Skole u 21st. Oris. 2021 Abitare sociale. Modelli architettonici e urbanistici per l`housing. Alinea Editrice, 2017. Book-Catalogue Common Housing. Collective housing in Aragon 2000-2020. Ed. [&hellip;]<\/p>\n","protected":false},"author":1,"featured_media":0,"parent":0,"menu_order":0,"comment_status":"closed","ping_status":"closed","template":"","meta":{"_monsterinsights_skip_tracking":false,"_monsterinsights_sitenote_active":false,"_monsterinsights_sitenote_note":"","_monsterinsights_sitenote_category":0},"_links":{"self":[{"href":"https:\/\/magenarquitectos.com\/en\/wp-json\/wp\/v2\/pages\/14415"}],"collection":[{"href":"https:\/\/magenarquitectos.com\/en\/wp-json\/wp\/v2\/pages"}],"about":[{"href":"https:\/\/magenarquitectos.com\/en\/wp-json\/wp\/v2\/types\/page"}],"author":[{"embeddable":true,"href":"https:\/\/magenarquitectos.com\/en\/wp-json\/wp\/v2\/users\/1"}],"replies":[{"embeddable":true,"href":"https:\/\/magenarquitectos.com\/en\/wp-json\/wp\/v2\/comments?post=14415"}],"version-history":[{"count":10,"href":"https:\/\/magenarquitectos.com\/en\/wp-json\/wp\/v2\/pages\/14415\/revisions"}],"predecessor-version":[{"id":18159,"href":"https:\/\/magenarquitectos.com\/en\/wp-json\/wp\/v2\/pages\/14415\/revisions\/18159"}],"wp:attachment":[{"href":"https:\/\/magenarquitectos.com\/en\/wp-json\/wp\/v2\/media?parent=14415"}],"curies":[{"name":"wp","href":"https:\/\/api.w.org\/{rel}","templated":true}]}}